{"id":51,"date":"2019-11-18T11:43:24","date_gmt":"2019-11-18T11:43:24","guid":{"rendered":"http:https:\/\/www.bahrenpark-apotheke.de\/\/?page_id=51"},"modified":"2020-02-21T13:34:32","modified_gmt":"2020-02-21T13:34:32","slug":"kontakt","status":"publish","type":"page","link":"https:\/\/www.gaswerk-apotheke.de\/?page_id=51","title":{"rendered":"Kontakt"},"content":{"rendered":"\t\t<div data-elementor-type=\"wp-page\" data-elementor-id=\"51\" class=\"elementor elementor-51\">\n\t\t\t\t\t\t<section class=\"elementor-section elementor-top-section elementor-element elementor-element-6f7022b elementor-section-boxed elementor-section-height-default elementor-section-height-default\" data-id=\"6f7022b\" data-element_type=\"section\" data-e-type=\"section\">\n\t\t\t\t\t\t<div class=\"elementor-container elementor-column-gap-default\">\n\t\t\t\t\t<div class=\"elementor-column elementor-col-100 elementor-top-column elementor-element elementor-element-d32b434\" data-id=\"d32b434\" data-element_type=\"column\" data-e-type=\"column\">\n\t\t\t<div class=\"elementor-widget-wrap elementor-element-populated\">\n\t\t\t\t\t\t<div class=\"elementor-element elementor-element-3107ad0 elementor-widget elementor-widget-heading\" data-id=\"3107ad0\" data-element_type=\"widget\" data-e-type=\"widget\" data-widget_type=\"heading.default\">\n\t\t\t\t<div class=\"elementor-widget-container\">\n\t\t\t\t\t<h3 class=\"elementor-heading-title elementor-size-default\">Kontakt<\/h3>\t\t\t\t<\/div>\n\t\t\t\t<\/div>\n\t\t\t\t<section class=\"elementor-section elementor-inner-section elementor-element elementor-element-dafd907 elementor-section-boxed elementor-section-height-default elementor-section-height-default\" data-id=\"dafd907\" data-element_type=\"section\" data-e-type=\"section\">\n\t\t\t\t\t\t<div class=\"elementor-container elementor-column-gap-default\">\n\t\t\t\t\t<div class=\"elementor-column elementor-col-50 elementor-inner-column elementor-element elementor-element-75c33b1\" data-id=\"75c33b1\" data-element_type=\"column\" data-e-type=\"column\">\n\t\t\t<div class=\"elementor-widget-wrap elementor-element-populated\">\n\t\t\t\t\t\t<div class=\"elementor-element elementor-element-177d223 elementor-widget elementor-widget-heading\" data-id=\"177d223\" data-element_type=\"widget\" data-e-type=\"widget\" data-widget_type=\"heading.default\">\n\t\t\t\t<div class=\"elementor-widget-container\">\n\t\t\t\t\t<h4 class=\"elementor-heading-title elementor-size-default\">\u00d6ffnungszeiten<\/h4>\t\t\t\t<\/div>\n\t\t\t\t<\/div>\n\t\t\t\t<div class=\"elementor-element elementor-element-a22354a elementor-widget elementor-widget-text-editor\" data-id=\"a22354a\" data-element_type=\"widget\" data-e-type=\"widget\" data-widget_type=\"text-editor.default\">\n\t\t\t\t<div class=\"elementor-widget-container\">\n\t\t\t\t\t\t\t\t\t<table><tbody><tr><td>Montag &#8211; Freitag<\/td><td>7:30 &#8211; 19:30 Uhr<\/td><\/tr><tr><td>Samstag<\/td><td>8:30 &#8211; 17:00 Uhr<\/td><\/tr><\/tbody><\/table>\t\t\t\t\t\t\t\t<\/div>\n\t\t\t\t<\/div>\n\t\t\t\t<div class=\"elementor-element elementor-element-e6c7f12 elementor-widget elementor-widget-heading\" data-id=\"e6c7f12\" data-element_type=\"widget\" data-e-type=\"widget\" data-widget_type=\"heading.default\">\n\t\t\t\t<div class=\"elementor-widget-container\">\n\t\t\t\t\t<h4 class=\"elementor-heading-title elementor-size-default\">Apotheken-Notdienst<\/h4>\t\t\t\t<\/div>\n\t\t\t\t<\/div>\n\t\t\t\t<div class=\"elementor-element elementor-element-502584b elementor-widget elementor-widget-text-editor\" data-id=\"502584b\" data-element_type=\"widget\" data-e-type=\"widget\" data-widget_type=\"text-editor.default\">\n\t\t\t\t<div class=\"elementor-widget-container\">\n\t\t\t\t\t\t\t\t\t<p><span style=\"font-size: 16px;\">Ben\u00f6tigen Sie die Adresse oder Telefonnummer einer Notdienstapotheke?<\/span><\/p>\n<p><span style=\"font-size: 16px;\">W\u00e4hlen Sie die kostenlose Servicenummer&nbsp;<\/span><\/p>\n<h5><strong>0800-228 228 0.<\/strong><\/h5><p>Kostenloser Anruf unter der Servicenummer rund um die Uhr aus allen deutschen Fest- und Mobilfunknetzen.<br>Auf Wunsch werden Sie mit der Apotheke verbunden.<\/p>\n<p>Nutzen Sie im Internet aponet.de f\u00fcr die bundesweite Suche einer <a class=\"cm_anchor\" href=\"http:\/\/www.aponet.de\/notdienst\" target=\"_blank\" rel=\"noreferrer noopener\">Notdienstapotheke<\/a>.<\/p>\t\t\t\t\t\t\t\t<\/div>\n\t\t\t\t<\/div>\n\t\t\t\t<div class=\"elementor-element elementor-element-e7f612e elementor-widget elementor-widget-image\" data-id=\"e7f612e\" data-element_type=\"widget\" data-e-type=\"widget\" data-widget_type=\"image.default\">\n\t\t\t\t<div class=\"elementor-widget-container\">\n\t\t\t\t\t\t\t\t\t\t\t\t\t\t\t\t<a href=\"https:\/\/www.apothekerkammer-hamburg.de\" target=\"_blank\" rel=\"nofollow\">\n\t\t\t\t\t\t\t<img decoding=\"async\" src=\"https:\/\/www.gaswerk-apotheke.de\/wp-content\/uploads\/elementor\/thumbs\/qualitaetmanagement-rmaz9sh3j6i7vuspc26016l3ox1fo9hfxb53ss142q.jpeg\" title=\"Qualit\u00e4tmanagement\" alt=\"Qualit\u00e4tmanagement\" loading=\"lazy\" \/>\t\t\t\t\t\t\t\t<\/a>\n\t\t\t\t\t\t\t\t\t\t\t\t\t\t\t<\/div>\n\t\t\t\t<\/div>\n\t\t\t\t\t<\/div>\n\t\t<\/div>\n\t\t\t\t<div class=\"elementor-column elementor-col-50 elementor-inner-column elementor-element elementor-element-9d1caf9\" data-id=\"9d1caf9\" data-element_type=\"column\" data-e-type=\"column\">\n\t\t\t<div class=\"elementor-widget-wrap elementor-element-populated\">\n\t\t\t\t\t\t<div class=\"elementor-element elementor-element-593e792 elementor-widget elementor-widget-image\" data-id=\"593e792\" data-element_type=\"widget\" data-e-type=\"widget\" data-widget_type=\"image.default\">\n\t\t\t\t<div class=\"elementor-widget-container\">\n\t\t\t\t\t\t\t\t\t\t\t\t\t\t\t<img fetchpriority=\"high\" decoding=\"async\" width=\"1024\" height=\"677\" src=\"https:\/\/www.gaswerk-apotheke.de\/wp-content\/uploads\/2019\/11\/aussen-1024x677.jpg\" class=\"attachment-large size-large wp-image-90\" alt=\"Unsere Apotheke von au\u00dfen\" srcset=\"https:\/\/www.gaswerk-apotheke.de\/wp-content\/uploads\/2019\/11\/aussen-1024x677.jpg 1024w, https:\/\/www.gaswerk-apotheke.de\/wp-content\/uploads\/2019\/11\/aussen-300x198.jpg 300w, https:\/\/www.gaswerk-apotheke.de\/wp-content\/uploads\/2019\/11\/aussen-768x508.jpg 768w, https:\/\/www.gaswerk-apotheke.de\/wp-content\/uploads\/2019\/11\/aussen-1536x1015.jpg 1536w, https:\/\/www.gaswerk-apotheke.de\/wp-content\/uploads\/2019\/11\/aussen.jpg 1800w\" sizes=\"(max-width: 1024px) 100vw, 1024px\" \/>\t\t\t\t\t\t\t\t\t\t\t\t\t\t\t<\/div>\n\t\t\t\t<\/div>\n\t\t\t\t<div class=\"elementor-element elementor-element-4f71710 elementor-widget elementor-widget-heading\" data-id=\"4f71710\" data-element_type=\"widget\" data-e-type=\"widget\" data-widget_type=\"heading.default\">\n\t\t\t\t<div class=\"elementor-widget-container\">\n\t\t\t\t\t<h4 class=\"elementor-heading-title elementor-size-default\">Anschrift<\/h4>\t\t\t\t<\/div>\n\t\t\t\t<\/div>\n\t\t\t\t<div class=\"elementor-element elementor-element-afdfde3 elementor-widget elementor-widget-text-editor\" data-id=\"afdfde3\" data-element_type=\"widget\" data-e-type=\"widget\" data-widget_type=\"text-editor.default\">\n\t\t\t\t<div class=\"elementor-widget-container\">\n\t\t\t\t\t\t\t\t\t<p>Apothekerin Uta L\u00fcdemann e. K.<br \/>Paul-Dessau-Str. 5<br \/>22761 Hamburg<\/p><p>Tel.: 040\/88 15 68 48<br \/>Fax: 040\/88 15 68 49<\/p><p>info@bahrenpark-apotheke.de<\/p>\t\t\t\t\t\t\t\t<\/div>\n\t\t\t\t<\/div>\n\t\t\t\t<div class=\"elementor-element elementor-element-3f077db elementor-widget elementor-widget-google_maps\" data-id=\"3f077db\" data-element_type=\"widget\" data-e-type=\"widget\" data-widget_type=\"google_maps.default\">\n\t\t\t\t<div class=\"elementor-widget-container\">\n\t\t\t\t\t\t\t<div class=\"elementor-custom-embed\">\n\t\t\t<iframe loading=\"lazy\"\n\t\t\t\t\tsrc=\"https:\/\/maps.google.com\/maps?q=Paul-Dessau-Str.%205%2C%2022761%20Hamburg&#038;t=m&#038;z=14&#038;output=embed&#038;iwloc=near\"\n\t\t\t\t\ttitle=\"Paul-Dessau-Str. 5, 22761 Hamburg\"\n\t\t\t\t\taria-label=\"Paul-Dessau-Str. 5, 22761 Hamburg\"\n\t\t\t><\/iframe>\n\t\t<\/div>\n\t\t\t\t\t\t<\/div>\n\t\t\t\t<\/div>\n\t\t\t\t\t<\/div>\n\t\t<\/div>\n\t\t\t\t\t<\/div>\n\t\t<\/section>\n\t\t\t\t\t<\/div>\n\t\t<\/div>\n\t\t\t\t\t<\/div>\n\t\t<\/section>\n\t\t\t\t<section class=\"elementor-section elementor-top-section elementor-element elementor-element-1cb7b223 elementor-section-boxed elementor-section-height-default elementor-section-height-default\" data-id=\"1cb7b223\" data-element_type=\"section\" data-e-type=\"section\" data-settings=\"{&quot;background_background&quot;:&quot;classic&quot;}\">\n\t\t\t\t\t\t<div class=\"elementor-container elementor-column-gap-default\">\n\t\t\t\t\t<div class=\"elementor-column elementor-col-100 elementor-top-column elementor-element elementor-element-179cec6b\" data-id=\"179cec6b\" data-element_type=\"column\" data-e-type=\"column\">\n\t\t\t<div class=\"elementor-widget-wrap elementor-element-populated\">\n\t\t\t\t\t\t<div class=\"elementor-element elementor-element-315867b3 elementor-widget elementor-widget-heading\" data-id=\"315867b3\" data-element_type=\"widget\" data-e-type=\"widget\" data-widget_type=\"heading.default\">\n\t\t\t\t<div class=\"elementor-widget-container\">\n\t\t\t\t\t<h3 class=\"elementor-heading-title elementor-size-default\">Kontakt<\/h3>\t\t\t\t<\/div>\n\t\t\t\t<\/div>\n\t\t\t\t<div class=\"elementor-element elementor-element-748af2c3 elementor-widget elementor-widget-shortcode\" data-id=\"748af2c3\" data-element_type=\"widget\" data-e-type=\"widget\" data-widget_type=\"shortcode.default\">\n\t\t\t\t<div class=\"elementor-widget-container\">\n\t\t\t\t\t\t\t<div class=\"elementor-shortcode\"><div class=\"wpforms-container wpforms-container-full\" id=\"wpforms-67\"><form id=\"wpforms-form-67\" class=\"wpforms-validate wpforms-form\" data-formid=\"67\" method=\"post\" enctype=\"multipart\/form-data\" action=\"\/index.php?rest_route=%2Fwp%2Fv2%2Fpages%2F51\" data-token=\"27f7fed1e0a20ab9012f8d45c9061fb4\" data-token-time=\"1776861408\"><noscript class=\"wpforms-error-noscript\">Bitte aktiviere JavaScript in deinem Browser, um dieses Formular fertigzustellen.<\/noscript><div class=\"wpforms-field-container\"><div id=\"wpforms-67-field_0-container\" class=\"wpforms-field wpforms-field-name\" data-field-id=\"0\"><label class=\"wpforms-field-label\">Ihr Name <span class=\"wpforms-required-label\">*<\/span><\/label><div class=\"wpforms-field-row wpforms-field-large\"><div class=\"wpforms-field-row-block wpforms-first wpforms-one-half\"><input type=\"text\" id=\"wpforms-67-field_0\" class=\"wpforms-field-name-first wpforms-field-required\" name=\"wpforms[fields][0][first]\" required><label for=\"wpforms-67-field_0\" class=\"wpforms-field-sublabel after\">Vorname<\/label><\/div><div class=\"wpforms-field-row-block wpforms-one-half\"><input type=\"text\" id=\"wpforms-67-field_0-last\" class=\"wpforms-field-name-last wpforms-field-required\" name=\"wpforms[fields][0][last]\" required><label for=\"wpforms-67-field_0-last\" class=\"wpforms-field-sublabel after\">Nachname<\/label><\/div><\/div><\/div><div id=\"wpforms-67-field_1-container\" class=\"wpforms-field wpforms-field-email\" data-field-id=\"1\"><label class=\"wpforms-field-label\" for=\"wpforms-67-field_1\">Ihre E-Mail-Adresse <span class=\"wpforms-required-label\">*<\/span><\/label><input type=\"email\" id=\"wpforms-67-field_1\" class=\"wpforms-field-large wpforms-field-required\" name=\"wpforms[fields][1]\" spellcheck=\"false\" required><\/div><div id=\"wpforms-67-field_3-container\" class=\"wpforms-field wpforms-field-text\" data-field-id=\"3\"><label class=\"wpforms-field-label\" for=\"wpforms-67-field_3\">Ihre Telefonnummer <\/label><input type=\"text\" id=\"wpforms-67-field_3\" class=\"wpforms-field-large\" name=\"wpforms[fields][3]\" ><\/div><div id=\"wpforms-67-field_2-container\" class=\"wpforms-field wpforms-field-textarea\" data-field-id=\"2\"><label class=\"wpforms-field-label\" for=\"wpforms-67-field_2\">Ihre Nachricht an uns <span class=\"wpforms-required-label\">*<\/span><\/label><textarea id=\"wpforms-67-field_2\" class=\"wpforms-field-medium wpforms-field-required\" name=\"wpforms[fields][2]\" required><\/textarea><\/div><div id=\"wpforms-67-field_4-container\" class=\"wpforms-field wpforms-field-checkbox\" data-field-id=\"4\"><label class=\"wpforms-field-label wpforms-label-hide\">Checkboxen <span class=\"wpforms-required-label\">*<\/span><\/label><ul id=\"wpforms-67-field_4\" class=\"wpforms-field-required\"><li class=\"choice-1 depth-1\"><input type=\"checkbox\" id=\"wpforms-67-field_4_1\" name=\"wpforms[fields][4][]\" value=\"Ich erkl\u00e4re mich mit der Verarbeitung der eingegebenen Daten sowie der Datenschutzerkl\u00e4rung einverstanden.*\" required ><label class=\"wpforms-field-label-inline\" for=\"wpforms-67-field_4_1\">Ich erkl\u00e4re mich mit der Verarbeitung der eingegebenen Daten sowie der Datenschutzerkl\u00e4rung einverstanden.*<\/label><\/li><\/ul><\/div><\/div><!-- .wpforms-field-container --><div class=\"wpforms-field wpforms-field-hp\"><label for=\"wpforms-67-field-hp\" class=\"wpforms-field-label\">Phone<\/label><input type=\"text\" name=\"wpforms[hp]\" id=\"wpforms-67-field-hp\" class=\"wpforms-field-medium\"><\/div><div class=\"wpforms-submit-container\" ><input type=\"hidden\" name=\"wpforms[id]\" value=\"67\"><input type=\"hidden\" name=\"page_title\" value=\"\"><input type=\"hidden\" name=\"page_url\" value=\"https:\/\/www.gaswerk-apotheke.de\/index.php?rest_route=\/wp\/v2\/pages\/51\"><input type=\"hidden\" name=\"url_referer\" value=\"\"><button type=\"submit\" name=\"wpforms[submit]\" id=\"wpforms-submit-67\" class=\"wpforms-submit\" data-alt-text=\"Senden...\" data-submit-text=\"Absenden\" aria-live=\"assertive\" value=\"wpforms-submit\">Absenden<\/button><\/div><\/form><\/div>  <!-- .wpforms-container --><\/div>\n\t\t\t\t\t\t<\/div>\n\t\t\t\t<\/div>\n\t\t\t\t\t<\/div>\n\t\t<\/div>\n\t\t\t\t\t<\/div>\n\t\t<\/section>\n\t\t\t\t<\/div>\n\t\t","protected":false},"excerpt":{"rendered":"<p>Kontakt \u00d6ffnungszeiten Montag &#8211; Freitag 7:30 &#8211; 19:30 Uhr Samstag 8:30 &#8211; 17:00 Uhr Apotheken-Notdienst Ben\u00f6tigen Sie die Adresse oder Telefonnummer einer Notdienstapotheke? W\u00e4hlen Sie die kostenlose Servicenummer&nbsp; 0800-228 228 0. Kostenloser Anruf unter der Servicenummer rund um die Uhr aus allen deutschen Fest- und Mobilfunknetzen.Auf Wunsch werden Sie mit der Apotheke verbunden. Nutzen Sie [&hellip;]<\/p>\n","protected":false},"author":1,"featured_media":0,"parent":0,"menu_order":0,"comment_status":"closed","ping_status":"closed","template":"","meta":{"site-sidebar-layout":"no-sidebar","site-content-layout":"page-builder","ast-site-content-layout":"default","site-content-style":"default","site-sidebar-style":"default","ast-global-header-display":"","ast-banner-title-visibility":"","ast-main-header-display":"","ast-hfb-above-header-display":"","ast-hfb-below-header-display":"","ast-hfb-mobile-header-display":"","site-post-title":"disabled","ast-breadcrumbs-content":"","ast-featured-img":"disabled","footer-sml-layout":"","ast-disable-related-posts":"","theme-transparent-header-meta":"default","adv-header-id-meta":"","stick-header-meta":"","header-above-stick-meta":"","header-main-stick-meta":"","header-below-stick-meta":"","astra-migrate-meta-layouts":"default","ast-page-background-enabled":"default","ast-page-background-meta":{"desktop":{"background-color":"","background-image":"","background-repeat":"repeat","background-position":"center center","background-size":"auto","background-attachment":"scroll","background-type":"","background-media":"","overlay-type":"","overlay-color":"","overlay-opacity":"","overlay-gradient":""},"tablet":{"background-color":"","background-image":"","background-repeat":"repeat","background-position":"center center","background-size":"auto","background-attachment":"scroll","background-type":"","background-media":"","overlay-type":"","overlay-color":"","overlay-opacity":"","overlay-gradient":""},"mobile":{"background-color":"","background-image":"","background-repeat":"repeat","background-position":"center center","background-size":"auto","background-attachment":"scroll","background-type":"","background-media":"","overlay-type":"","overlay-color":"","overlay-opacity":"","overlay-gradient":""}},"ast-content-background-meta":{"desktop":{"background-color":"var(--ast-global-color-5)","background-image":"","background-repeat":"repeat","background-position":"center center","background-size":"auto","background-attachment":"scroll","background-type":"","background-media":"","overlay-type":"","overlay-color":"","overlay-opacity":"","overlay-gradient":""},"tablet":{"background-color":"var(--ast-global-color-5)","background-image":"","background-repeat":"repeat","background-position":"center center","background-size":"auto","background-attachment":"scroll","background-type":"","background-media":"","overlay-type":"","overlay-color":"","overlay-opacity":"","overlay-gradient":""},"mobile":{"background-color":"var(--ast-global-color-5)","background-image":"","background-repeat":"repeat","background-position":"center center","background-size":"auto","background-attachment":"scroll","background-type":"","background-media":"","overlay-type":"","overlay-color":"","overlay-opacity":"","overlay-gradient":""}},"footnotes":""},"class_list":["post-51","page","type-page","status-publish","hentry"],"yoast_head":"<!-- This site is optimized with the Yoast SEO plugin v27.4 - https:\/\/yoast.com\/product\/yoast-seo-wordpress\/ -->\n<title>Kontakt - Apotheke am Gaswerk<\/title>\n<meta name=\"robots\" content=\"index, follow, max-snippet:-1, max-image-preview:large, max-video-preview:-1\" \/>\n<link rel=\"canonical\" href=\"https:\/\/www.gaswerk-apotheke.de\/?page_id=51\" \/>\n<meta property=\"og:locale\" content=\"de_DE\" \/>\n<meta property=\"og:type\" content=\"article\" \/>\n<meta property=\"og:title\" content=\"Kontakt - Apotheke am Gaswerk\" \/>\n<meta property=\"og:description\" content=\"Kontakt \u00d6ffnungszeiten Montag &#8211; Freitag 7:30 &#8211; 19:30 Uhr Samstag 8:30 &#8211; 17:00 Uhr Apotheken-Notdienst Ben\u00f6tigen Sie die Adresse oder Telefonnummer einer Notdienstapotheke? W\u00e4hlen Sie die kostenlose Servicenummer&nbsp; 0800-228 228 0. Kostenloser Anruf unter der Servicenummer rund um die Uhr aus allen deutschen Fest- und Mobilfunknetzen.Auf Wunsch werden Sie mit der Apotheke verbunden. Nutzen Sie [&hellip;]\" \/>\n<meta property=\"og:url\" content=\"https:\/\/www.gaswerk-apotheke.de\/?page_id=51\" \/>\n<meta property=\"og:site_name\" content=\"Apotheke am Gaswerk\" \/>\n<meta property=\"article:modified_time\" content=\"2020-02-21T13:34:32+00:00\" \/>\n<meta property=\"og:image\" content=\"http:\/\/www.bahrenpark-apotheke.de\/wp-content\/uploads\/elementor\/thumbs\/qualitaetmanagement-oh1vkny0ancoh6uqvcr4ea7807f7f70304psgohgpu.jpeg\" \/>\n<meta name=\"twitter:card\" content=\"summary_large_image\" \/>\n<script type=\"application\/ld+json\" class=\"yoast-schema-graph\">{\"@context\":\"https:\\\/\\\/schema.org\",\"@graph\":[{\"@type\":\"WebPage\",\"@id\":\"https:\\\/\\\/www.gaswerk-apotheke.de\\\/?page_id=51\",\"url\":\"https:\\\/\\\/www.gaswerk-apotheke.de\\\/?page_id=51\",\"name\":\"Kontakt - Apotheke am Gaswerk\",\"isPartOf\":{\"@id\":\"https:\\\/\\\/www.gaswerk-apotheke.de\\\/#website\"},\"primaryImageOfPage\":{\"@id\":\"https:\\\/\\\/www.gaswerk-apotheke.de\\\/?page_id=51#primaryimage\"},\"image\":{\"@id\":\"https:\\\/\\\/www.gaswerk-apotheke.de\\\/?page_id=51#primaryimage\"},\"thumbnailUrl\":\"http:\\\/\\\/www.bahrenpark-apotheke.de\\\/wp-content\\\/uploads\\\/elementor\\\/thumbs\\\/qualitaetmanagement-oh1vkny0ancoh6uqvcr4ea7807f7f70304psgohgpu.jpeg\",\"datePublished\":\"2019-11-18T11:43:24+00:00\",\"dateModified\":\"2020-02-21T13:34:32+00:00\",\"breadcrumb\":{\"@id\":\"https:\\\/\\\/www.gaswerk-apotheke.de\\\/?page_id=51#breadcrumb\"},\"inLanguage\":\"de\",\"potentialAction\":[{\"@type\":\"ReadAction\",\"target\":[\"https:\\\/\\\/www.gaswerk-apotheke.de\\\/?page_id=51\"]}]},{\"@type\":\"ImageObject\",\"inLanguage\":\"de\",\"@id\":\"https:\\\/\\\/www.gaswerk-apotheke.de\\\/?page_id=51#primaryimage\",\"url\":\"http:\\\/\\\/www.bahrenpark-apotheke.de\\\/wp-content\\\/uploads\\\/elementor\\\/thumbs\\\/qualitaetmanagement-oh1vkny0ancoh6uqvcr4ea7807f7f70304psgohgpu.jpeg\",\"contentUrl\":\"http:\\\/\\\/www.bahrenpark-apotheke.de\\\/wp-content\\\/uploads\\\/elementor\\\/thumbs\\\/qualitaetmanagement-oh1vkny0ancoh6uqvcr4ea7807f7f70304psgohgpu.jpeg\"},{\"@type\":\"BreadcrumbList\",\"@id\":\"https:\\\/\\\/www.gaswerk-apotheke.de\\\/?page_id=51#breadcrumb\",\"itemListElement\":[{\"@type\":\"ListItem\",\"position\":1,\"name\":\"Startseite\",\"item\":\"https:\\\/\\\/www.gaswerk-apotheke.de\\\/\"},{\"@type\":\"ListItem\",\"position\":2,\"name\":\"Kontakt\"}]},{\"@type\":\"WebSite\",\"@id\":\"https:\\\/\\\/www.gaswerk-apotheke.de\\\/#website\",\"url\":\"https:\\\/\\\/www.gaswerk-apotheke.de\\\/\",\"name\":\"Apotheke am Gaswerk\",\"description\":\"Ihre Apotheke in Hamburg-Bahrenfeld\",\"publisher\":{\"@id\":\"https:\\\/\\\/www.gaswerk-apotheke.de\\\/#organization\"},\"potentialAction\":[{\"@type\":\"SearchAction\",\"target\":{\"@type\":\"EntryPoint\",\"urlTemplate\":\"https:\\\/\\\/www.gaswerk-apotheke.de\\\/?s={search_term_string}\"},\"query-input\":{\"@type\":\"PropertyValueSpecification\",\"valueRequired\":true,\"valueName\":\"search_term_string\"}}],\"inLanguage\":\"de\"},{\"@type\":\"Organization\",\"@id\":\"https:\\\/\\\/www.gaswerk-apotheke.de\\\/#organization\",\"name\":\"Apotheke am Gaswerk\",\"url\":\"https:\\\/\\\/www.gaswerk-apotheke.de\\\/\",\"logo\":{\"@type\":\"ImageObject\",\"inLanguage\":\"de\",\"@id\":\"https:\\\/\\\/www.gaswerk-apotheke.de\\\/#\\\/schema\\\/logo\\\/image\\\/\",\"url\":\"https:\\\/\\\/www.gaswerk-apotheke.de\\\/wp-content\\\/uploads\\\/2026\\\/04\\\/logo_apotheke_am_gaswerk.png\",\"contentUrl\":\"https:\\\/\\\/www.gaswerk-apotheke.de\\\/wp-content\\\/uploads\\\/2026\\\/04\\\/logo_apotheke_am_gaswerk.png\",\"width\":427,\"height\":150,\"caption\":\"Apotheke am Gaswerk\"},\"image\":{\"@id\":\"https:\\\/\\\/www.gaswerk-apotheke.de\\\/#\\\/schema\\\/logo\\\/image\\\/\"}}]}<\/script>\n<!-- \/ Yoast SEO plugin. -->","yoast_head_json":{"title":"Kontakt - Apotheke am Gaswerk","robots":{"index":"index","follow":"follow","max-snippet":"max-snippet:-1","max-image-preview":"max-image-preview:large","max-video-preview":"max-video-preview:-1"},"canonical":"https:\/\/www.gaswerk-apotheke.de\/?page_id=51","og_locale":"de_DE","og_type":"article","og_title":"Kontakt - Apotheke am Gaswerk","og_description":"Kontakt \u00d6ffnungszeiten Montag &#8211; Freitag 7:30 &#8211; 19:30 Uhr Samstag 8:30 &#8211; 17:00 Uhr Apotheken-Notdienst Ben\u00f6tigen Sie die Adresse oder Telefonnummer einer Notdienstapotheke? W\u00e4hlen Sie die kostenlose Servicenummer&nbsp; 0800-228 228 0. Kostenloser Anruf unter der Servicenummer rund um die Uhr aus allen deutschen Fest- und Mobilfunknetzen.Auf Wunsch werden Sie mit der Apotheke verbunden. Nutzen Sie [&hellip;]","og_url":"https:\/\/www.gaswerk-apotheke.de\/?page_id=51","og_site_name":"Apotheke am Gaswerk","article_modified_time":"2020-02-21T13:34:32+00:00","og_image":[{"url":"http:\/\/www.bahrenpark-apotheke.de\/wp-content\/uploads\/elementor\/thumbs\/qualitaetmanagement-oh1vkny0ancoh6uqvcr4ea7807f7f70304psgohgpu.jpeg","type":"","width":"","height":""}],"twitter_card":"summary_large_image","schema":{"@context":"https:\/\/schema.org","@graph":[{"@type":"WebPage","@id":"https:\/\/www.gaswerk-apotheke.de\/?page_id=51","url":"https:\/\/www.gaswerk-apotheke.de\/?page_id=51","name":"Kontakt - Apotheke am Gaswerk","isPartOf":{"@id":"https:\/\/www.gaswerk-apotheke.de\/#website"},"primaryImageOfPage":{"@id":"https:\/\/www.gaswerk-apotheke.de\/?page_id=51#primaryimage"},"image":{"@id":"https:\/\/www.gaswerk-apotheke.de\/?page_id=51#primaryimage"},"thumbnailUrl":"http:\/\/www.bahrenpark-apotheke.de\/wp-content\/uploads\/elementor\/thumbs\/qualitaetmanagement-oh1vkny0ancoh6uqvcr4ea7807f7f70304psgohgpu.jpeg","datePublished":"2019-11-18T11:43:24+00:00","dateModified":"2020-02-21T13:34:32+00:00","breadcrumb":{"@id":"https:\/\/www.gaswerk-apotheke.de\/?page_id=51#breadcrumb"},"inLanguage":"de","potentialAction":[{"@type":"ReadAction","target":["https:\/\/www.gaswerk-apotheke.de\/?page_id=51"]}]},{"@type":"ImageObject","inLanguage":"de","@id":"https:\/\/www.gaswerk-apotheke.de\/?page_id=51#primaryimage","url":"http:\/\/www.bahrenpark-apotheke.de\/wp-content\/uploads\/elementor\/thumbs\/qualitaetmanagement-oh1vkny0ancoh6uqvcr4ea7807f7f70304psgohgpu.jpeg","contentUrl":"http:\/\/www.bahrenpark-apotheke.de\/wp-content\/uploads\/elementor\/thumbs\/qualitaetmanagement-oh1vkny0ancoh6uqvcr4ea7807f7f70304psgohgpu.jpeg"},{"@type":"BreadcrumbList","@id":"https:\/\/www.gaswerk-apotheke.de\/?page_id=51#breadcrumb","itemListElement":[{"@type":"ListItem","position":1,"name":"Startseite","item":"https:\/\/www.gaswerk-apotheke.de\/"},{"@type":"ListItem","position":2,"name":"Kontakt"}]},{"@type":"WebSite","@id":"https:\/\/www.gaswerk-apotheke.de\/#website","url":"https:\/\/www.gaswerk-apotheke.de\/","name":"Apotheke am Gaswerk","description":"Ihre Apotheke in Hamburg-Bahrenfeld","publisher":{"@id":"https:\/\/www.gaswerk-apotheke.de\/#organization"},"potentialAction":[{"@type":"SearchAction","target":{"@type":"EntryPoint","urlTemplate":"https:\/\/www.gaswerk-apotheke.de\/?s={search_term_string}"},"query-input":{"@type":"PropertyValueSpecification","valueRequired":true,"valueName":"search_term_string"}}],"inLanguage":"de"},{"@type":"Organization","@id":"https:\/\/www.gaswerk-apotheke.de\/#organization","name":"Apotheke am Gaswerk","url":"https:\/\/www.gaswerk-apotheke.de\/","logo":{"@type":"ImageObject","inLanguage":"de","@id":"https:\/\/www.gaswerk-apotheke.de\/#\/schema\/logo\/image\/","url":"https:\/\/www.gaswerk-apotheke.de\/wp-content\/uploads\/2026\/04\/logo_apotheke_am_gaswerk.png","contentUrl":"https:\/\/www.gaswerk-apotheke.de\/wp-content\/uploads\/2026\/04\/logo_apotheke_am_gaswerk.png","width":427,"height":150,"caption":"Apotheke am Gaswerk"},"image":{"@id":"https:\/\/www.gaswerk-apotheke.de\/#\/schema\/logo\/image\/"}}]}},"_links":{"self":[{"href":"https:\/\/www.gaswerk-apotheke.de\/index.php?rest_route=\/wp\/v2\/pages\/51","targetHints":{"allow":["GET"]}}],"collection":[{"href":"https:\/\/www.gaswerk-apotheke.de\/index.php?rest_route=\/wp\/v2\/pages"}],"about":[{"href":"https:\/\/www.gaswerk-apotheke.de\/index.php?rest_route=\/wp\/v2\/types\/page"}],"author":[{"embeddable":true,"href":"https:\/\/www.gaswerk-apotheke.de\/index.php?rest_route=\/wp\/v2\/users\/1"}],"replies":[{"embeddable":true,"href":"https:\/\/www.gaswerk-apotheke.de\/index.php?rest_route=%2Fwp%2Fv2%2Fcomments&post=51"}],"version-history":[{"count":32,"href":"https:\/\/www.gaswerk-apotheke.de\/index.php?rest_route=\/wp\/v2\/pages\/51\/revisions"}],"predecessor-version":[{"id":323,"href":"https:\/\/www.gaswerk-apotheke.de\/index.php?rest_route=\/wp\/v2\/pages\/51\/revisions\/323"}],"wp:attachment":[{"href":"https:\/\/www.gaswerk-apotheke.de\/index.php?rest_route=%2Fwp%2Fv2%2Fmedia&parent=51"}],"curies":[{"name":"wp","href":"https:\/\/api.w.org\/{rel}","templated":true}]}}