{"id":25,"date":"2019-11-18T11:19:59","date_gmt":"2019-11-18T11:19:59","guid":{"rendered":"http:https:\/\/www.bahrenpark-apotheke.de\/\/?page_id=25"},"modified":"2021-03-15T10:59:33","modified_gmt":"2021-03-15T10:59:33","slug":"impressum","status":"publish","type":"page","link":"https:\/\/www.gaswerk-apotheke.de\/?page_id=25","title":{"rendered":"Impressum"},"content":{"rendered":"\t\t<div data-elementor-type=\"wp-page\" data-elementor-id=\"25\" class=\"elementor elementor-25\">\n\t\t\t\t\t\t<section class=\"elementor-section elementor-top-section elementor-element elementor-element-a7fd71e elementor-section-boxed elementor-section-height-default elementor-section-height-default\" data-id=\"a7fd71e\" data-element_type=\"section\" data-e-type=\"section\">\n\t\t\t\t\t\t<div class=\"elementor-container elementor-column-gap-default\">\n\t\t\t\t\t<div class=\"elementor-column elementor-col-100 elementor-top-column elementor-element elementor-element-a2f0966\" data-id=\"a2f0966\" data-element_type=\"column\" data-e-type=\"column\">\n\t\t\t<div class=\"elementor-widget-wrap elementor-element-populated\">\n\t\t\t\t\t\t<div class=\"elementor-element elementor-element-a613a99 elementor-widget elementor-widget-heading\" data-id=\"a613a99\" data-element_type=\"widget\" data-e-type=\"widget\" data-widget_type=\"heading.default\">\n\t\t\t\t<div class=\"elementor-widget-container\">\n\t\t\t\t\t<h3 class=\"elementor-heading-title elementor-size-default\">Impressum<\/h3>\t\t\t\t<\/div>\n\t\t\t\t<\/div>\n\t\t\t\t<div class=\"elementor-element elementor-element-ecdf28d elementor-widget elementor-widget-text-editor\" data-id=\"ecdf28d\" data-element_type=\"widget\" data-e-type=\"widget\" data-widget_type=\"text-editor.default\">\n\t\t\t\t<div class=\"elementor-widget-container\">\n\t\t\t\t\t\t\t\t\t<h2><strong style=\"font-size: 1.125rem;\">Gesetzlich vorgeschriebene Angaben<\/strong><\/h2><p><strong>Apotheke am Bahrenpark Uta L\u00fcdemann e. K.<br \/><\/strong>Paul-Dessau-Str. 5<br \/>22761 Hamburg<br \/>Tel.: 040 88 15 68 48<br \/>Fax: 040 88 15 68 49<br \/>E-Mail: info@bahrenpark-apotheke.de<\/p><p>Amtsgericht Hamburg HRA 98474<br \/>USt.-ID 221877755<\/p><p><strong>Zust\u00e4ndige Apothekerkammer f\u00fcr die Berufsaufsicht:<\/strong><br \/><a class=\"cm_anchor\" href=\"http:\/\/apothekerkammer-hamburg.de\/\" target=\"_blank\" rel=\"noreferrer noopener\">Apothekerkammer Hamburg<\/a><br \/>K\u00f6rperschaft des \u00f6ffentlichen Rechts<br \/>Osterbekstr. 90c<br \/>22083 Hamburg<br \/>Tel. 040 524 75 83 &#8211; 0<br \/><a href=\"mailto:info@apothekerkammer-hamburg.de\">info@apothekerkammer-hamburg.de<\/a><\/p><p><strong>Gesetzliche Berufsbezeichnung:<br \/><\/strong>Apothekerin, verliehen in der Bundesrepublik Deutschland<\/p><p><strong>Aufsichtsbeh\u00f6rde:<\/strong><br \/>Freie und Hansestadt Hamburg<br \/>Beh\u00f6rde f\u00fcr Justiz und verbraucherschutz<br \/>Amt f\u00fcr verbraucherschutz<br \/>Pharmaziewesen und Medizinprodukte<br \/>Drehbahn 36<br \/>20354 Hamburg<\/p><p><strong>Link zur Berufsordnung:<br \/><\/strong><a class=\"cm_anchor\" href=\"http:\/\/w3.apothekerkammer-hamburg.de\/index.php?id=rechtsgrundlagen\" target=\"_blank\" rel=\"noreferrer noopener\">Berufsordnung f\u00fcr\u00a0Apotheker in Hamburg<\/a><\/p><p><strong>\u00d6ffentliches Verfahrensverzeichnis<\/strong><br \/>Ihre Belange des Datenschutzes werden von uns verantwortungsbewusst beachtet. Nach \u00a7 4 g des Bundesdatenschutzgesetzes (BDSG) hat der Beauftragte f\u00fcr den Datenschutz auf Antrag jedermann in geeigneter Weise die in <a class=\"cm_anchor\" href=\"https:\/\/www.bahrenpark-apotheke.de\/home_neu\/oeffentl_verfahrensverzeichnis.htm\" target=\"_blank\" rel=\"noreferrer noopener\">\u00a7 4 e BDSG festgelegten Angaben<\/a> verf\u00fcgbar zu machen.<\/p><p><strong>Teilnahme am Streitbeilegungsverfahren<br \/><\/strong>Die Apotheke am Bahrenpark erkl\u00e4rt sich bei rechtlichen Konflikten mit Verbrauchern (\u00a713 BGB) bereit, an Verbraucherschlichtungsverfahren nach dem Verbraucherstreitbeilegungsgesetz teilzunehmen.<br \/>Die f\u00fcr die Apotheke am Bahrenpark zust\u00e4ndige Verbraucherschlichtungs-stelle ist die Allgemeine Verbraucherschlichtungsstelle des Zentrums f\u00fcr Schlichtung e. V. Stra\u00dfburger Stra\u00dfe 8, 77694 Kehl am Rhein, Telefon 07851\/795 79 40, Fax 07581\/795 79 41; E-Mail: <a class=\"cm_anchor\" href=\"https:\/\/www.bahrenpark-apotheke.de\/Impressum\" target=\"_blank\" rel=\"noreferrer noopener\">mail@verbraucher-schlichter.de<\/a>; Internet: <a class=\"cm_anchor\" href=\"http:\/\/www.verbraucher-schlichter.de\/\" target=\"_blank\" rel=\"noreferrer noopener\">www.verbraucher-schlichter.de<\/a>.<\/p>\t\t\t\t\t\t\t\t<\/div>\n\t\t\t\t<\/div>\n\t\t\t\t\t<\/div>\n\t\t<\/div>\n\t\t\t\t\t<\/div>\n\t\t<\/section>\n\t\t\t\t<\/div>\n\t\t","protected":false},"excerpt":{"rendered":"<p>Impressum Gesetzlich vorgeschriebene Angaben Apotheke am Bahrenpark Uta L\u00fcdemann e. K.Paul-Dessau-Str. 522761 HamburgTel.: 040 88 15 68 48Fax: 040 88 15 68 49E-Mail: info@bahrenpark-apotheke.de Amtsgericht Hamburg HRA 98474USt.-ID 221877755 Zust\u00e4ndige Apothekerkammer f\u00fcr die Berufsaufsicht:Apothekerkammer HamburgK\u00f6rperschaft des \u00f6ffentlichen RechtsOsterbekstr. 90c22083 HamburgTel. 040 524 75 83 &#8211; 0info@apothekerkammer-hamburg.de Gesetzliche Berufsbezeichnung:Apothekerin, verliehen in der Bundesrepublik Deutschland Aufsichtsbeh\u00f6rde:Freie und [&hellip;]<\/p>\n","protected":false},"author":1,"featured_media":0,"parent":0,"menu_order":0,"comment_status":"closed","ping_status":"closed","template":"","meta":{"site-sidebar-layout":"no-sidebar","site-content-layout":"page-builder","ast-site-content-layout":"default","site-content-style":"default","site-sidebar-style":"default","ast-global-header-display":"","ast-banner-title-visibility":"","ast-main-header-display":"","ast-hfb-above-header-display":"","ast-hfb-below-header-display":"","ast-hfb-mobile-header-display":"","site-post-title":"disabled","ast-breadcrumbs-content":"","ast-featured-img":"disabled","footer-sml-layout":"","ast-disable-related-posts":"","theme-transparent-header-meta":"default","adv-header-id-meta":"","stick-header-meta":"","header-above-stick-meta":"","header-main-stick-meta":"","header-below-stick-meta":"","astra-migrate-meta-layouts":"default","ast-page-background-enabled":"default","ast-page-background-meta":{"desktop":{"background-color":"","background-image":"","background-repeat":"repeat","background-position":"center center","background-size":"auto","background-attachment":"scroll","background-type":"","background-media":"","overlay-type":"","overlay-color":"","overlay-opacity":"","overlay-gradient":""},"tablet":{"background-color":"","background-image":"","background-repeat":"repeat","background-position":"center center","background-size":"auto","background-attachment":"scroll","background-type":"","background-media":"","overlay-type":"","overlay-color":"","overlay-opacity":"","overlay-gradient":""},"mobile":{"background-color":"","background-image":"","background-repeat":"repeat","background-position":"center center","background-size":"auto","background-attachment":"scroll","background-type":"","background-media":"","overlay-type":"","overlay-color":"","overlay-opacity":"","overlay-gradient":""}},"ast-content-background-meta":{"desktop":{"background-color":"var(--ast-global-color-5)","background-image":"","background-repeat":"repeat","background-position":"center center","background-size":"auto","background-attachment":"scroll","background-type":"","background-media":"","overlay-type":"","overlay-color":"","overlay-opacity":"","overlay-gradient":""},"tablet":{"background-color":"var(--ast-global-color-5)","background-image":"","background-repeat":"repeat","background-position":"center center","background-size":"auto","background-attachment":"scroll","background-type":"","background-media":"","overlay-type":"","overlay-color":"","overlay-opacity":"","overlay-gradient":""},"mobile":{"background-color":"var(--ast-global-color-5)","background-image":"","background-repeat":"repeat","background-position":"center center","background-size":"auto","background-attachment":"scroll","background-type":"","background-media":"","overlay-type":"","overlay-color":"","overlay-opacity":"","overlay-gradient":""}},"footnotes":""},"class_list":["post-25","page","type-page","status-publish","hentry"],"yoast_head":"<!-- This site is optimized with the Yoast SEO plugin v27.4 - https:\/\/yoast.com\/product\/yoast-seo-wordpress\/ -->\n<title>Impressum - Apotheke am Gaswerk<\/title>\n<meta name=\"robots\" content=\"index, follow, max-snippet:-1, max-image-preview:large, max-video-preview:-1\" \/>\n<link rel=\"canonical\" href=\"https:\/\/www.gaswerk-apotheke.de\/?page_id=25\" \/>\n<meta property=\"og:locale\" content=\"de_DE\" \/>\n<meta property=\"og:type\" content=\"article\" \/>\n<meta property=\"og:title\" content=\"Impressum - Apotheke am Gaswerk\" \/>\n<meta property=\"og:description\" content=\"Impressum Gesetzlich vorgeschriebene Angaben Apotheke am Bahrenpark Uta L\u00fcdemann e. K.Paul-Dessau-Str. 522761 HamburgTel.: 040 88 15 68 48Fax: 040 88 15 68 49E-Mail: info@bahrenpark-apotheke.de Amtsgericht Hamburg HRA 98474USt.-ID 221877755 Zust\u00e4ndige Apothekerkammer f\u00fcr die Berufsaufsicht:Apothekerkammer HamburgK\u00f6rperschaft des \u00f6ffentlichen RechtsOsterbekstr. 90c22083 HamburgTel. 040 524 75 83 &#8211; 0info@apothekerkammer-hamburg.de Gesetzliche Berufsbezeichnung:Apothekerin, verliehen in der Bundesrepublik Deutschland Aufsichtsbeh\u00f6rde:Freie und [&hellip;]\" \/>\n<meta property=\"og:url\" content=\"https:\/\/www.gaswerk-apotheke.de\/?page_id=25\" \/>\n<meta property=\"og:site_name\" content=\"Apotheke am Gaswerk\" \/>\n<meta property=\"article:modified_time\" content=\"2021-03-15T10:59:33+00:00\" \/>\n<meta name=\"twitter:card\" content=\"summary_large_image\" \/>\n<meta name=\"twitter:label1\" content=\"Gesch\u00e4tzte Lesezeit\" \/>\n\t<meta name=\"twitter:data1\" content=\"1\u00a0Minute\" \/>\n<script type=\"application\/ld+json\" class=\"yoast-schema-graph\">{\"@context\":\"https:\\\/\\\/schema.org\",\"@graph\":[{\"@type\":\"WebPage\",\"@id\":\"https:\\\/\\\/www.gaswerk-apotheke.de\\\/?page_id=25\",\"url\":\"https:\\\/\\\/www.gaswerk-apotheke.de\\\/?page_id=25\",\"name\":\"Impressum - Apotheke am Gaswerk\",\"isPartOf\":{\"@id\":\"https:\\\/\\\/www.gaswerk-apotheke.de\\\/#website\"},\"datePublished\":\"2019-11-18T11:19:59+00:00\",\"dateModified\":\"2021-03-15T10:59:33+00:00\",\"breadcrumb\":{\"@id\":\"https:\\\/\\\/www.gaswerk-apotheke.de\\\/?page_id=25#breadcrumb\"},\"inLanguage\":\"de\",\"potentialAction\":[{\"@type\":\"ReadAction\",\"target\":[\"https:\\\/\\\/www.gaswerk-apotheke.de\\\/?page_id=25\"]}]},{\"@type\":\"BreadcrumbList\",\"@id\":\"https:\\\/\\\/www.gaswerk-apotheke.de\\\/?page_id=25#breadcrumb\",\"itemListElement\":[{\"@type\":\"ListItem\",\"position\":1,\"name\":\"Startseite\",\"item\":\"https:\\\/\\\/www.gaswerk-apotheke.de\\\/\"},{\"@type\":\"ListItem\",\"position\":2,\"name\":\"Impressum\"}]},{\"@type\":\"WebSite\",\"@id\":\"https:\\\/\\\/www.gaswerk-apotheke.de\\\/#website\",\"url\":\"https:\\\/\\\/www.gaswerk-apotheke.de\\\/\",\"name\":\"Apotheke am Gaswerk\",\"description\":\"Ihre Apotheke in Hamburg-Bahrenfeld\",\"publisher\":{\"@id\":\"https:\\\/\\\/www.gaswerk-apotheke.de\\\/#organization\"},\"potentialAction\":[{\"@type\":\"SearchAction\",\"target\":{\"@type\":\"EntryPoint\",\"urlTemplate\":\"https:\\\/\\\/www.gaswerk-apotheke.de\\\/?s={search_term_string}\"},\"query-input\":{\"@type\":\"PropertyValueSpecification\",\"valueRequired\":true,\"valueName\":\"search_term_string\"}}],\"inLanguage\":\"de\"},{\"@type\":\"Organization\",\"@id\":\"https:\\\/\\\/www.gaswerk-apotheke.de\\\/#organization\",\"name\":\"Apotheke am Gaswerk\",\"url\":\"https:\\\/\\\/www.gaswerk-apotheke.de\\\/\",\"logo\":{\"@type\":\"ImageObject\",\"inLanguage\":\"de\",\"@id\":\"https:\\\/\\\/www.gaswerk-apotheke.de\\\/#\\\/schema\\\/logo\\\/image\\\/\",\"url\":\"https:\\\/\\\/www.gaswerk-apotheke.de\\\/wp-content\\\/uploads\\\/2026\\\/04\\\/logo_apotheke_am_gaswerk.png\",\"contentUrl\":\"https:\\\/\\\/www.gaswerk-apotheke.de\\\/wp-content\\\/uploads\\\/2026\\\/04\\\/logo_apotheke_am_gaswerk.png\",\"width\":427,\"height\":150,\"caption\":\"Apotheke am Gaswerk\"},\"image\":{\"@id\":\"https:\\\/\\\/www.gaswerk-apotheke.de\\\/#\\\/schema\\\/logo\\\/image\\\/\"}}]}<\/script>\n<!-- \/ Yoast SEO plugin. -->","yoast_head_json":{"title":"Impressum - Apotheke am Gaswerk","robots":{"index":"index","follow":"follow","max-snippet":"max-snippet:-1","max-image-preview":"max-image-preview:large","max-video-preview":"max-video-preview:-1"},"canonical":"https:\/\/www.gaswerk-apotheke.de\/?page_id=25","og_locale":"de_DE","og_type":"article","og_title":"Impressum - Apotheke am Gaswerk","og_description":"Impressum Gesetzlich vorgeschriebene Angaben Apotheke am Bahrenpark Uta L\u00fcdemann e. K.Paul-Dessau-Str. 522761 HamburgTel.: 040 88 15 68 48Fax: 040 88 15 68 49E-Mail: info@bahrenpark-apotheke.de Amtsgericht Hamburg HRA 98474USt.-ID 221877755 Zust\u00e4ndige Apothekerkammer f\u00fcr die Berufsaufsicht:Apothekerkammer HamburgK\u00f6rperschaft des \u00f6ffentlichen RechtsOsterbekstr. 90c22083 HamburgTel. 040 524 75 83 &#8211; 0info@apothekerkammer-hamburg.de Gesetzliche Berufsbezeichnung:Apothekerin, verliehen in der Bundesrepublik Deutschland Aufsichtsbeh\u00f6rde:Freie und [&hellip;]","og_url":"https:\/\/www.gaswerk-apotheke.de\/?page_id=25","og_site_name":"Apotheke am Gaswerk","article_modified_time":"2021-03-15T10:59:33+00:00","twitter_card":"summary_large_image","twitter_misc":{"Gesch\u00e4tzte Lesezeit":"1\u00a0Minute"},"schema":{"@context":"https:\/\/schema.org","@graph":[{"@type":"WebPage","@id":"https:\/\/www.gaswerk-apotheke.de\/?page_id=25","url":"https:\/\/www.gaswerk-apotheke.de\/?page_id=25","name":"Impressum - Apotheke am Gaswerk","isPartOf":{"@id":"https:\/\/www.gaswerk-apotheke.de\/#website"},"datePublished":"2019-11-18T11:19:59+00:00","dateModified":"2021-03-15T10:59:33+00:00","breadcrumb":{"@id":"https:\/\/www.gaswerk-apotheke.de\/?page_id=25#breadcrumb"},"inLanguage":"de","potentialAction":[{"@type":"ReadAction","target":["https:\/\/www.gaswerk-apotheke.de\/?page_id=25"]}]},{"@type":"BreadcrumbList","@id":"https:\/\/www.gaswerk-apotheke.de\/?page_id=25#breadcrumb","itemListElement":[{"@type":"ListItem","position":1,"name":"Startseite","item":"https:\/\/www.gaswerk-apotheke.de\/"},{"@type":"ListItem","position":2,"name":"Impressum"}]},{"@type":"WebSite","@id":"https:\/\/www.gaswerk-apotheke.de\/#website","url":"https:\/\/www.gaswerk-apotheke.de\/","name":"Apotheke am Gaswerk","description":"Ihre Apotheke in Hamburg-Bahrenfeld","publisher":{"@id":"https:\/\/www.gaswerk-apotheke.de\/#organization"},"potentialAction":[{"@type":"SearchAction","target":{"@type":"EntryPoint","urlTemplate":"https:\/\/www.gaswerk-apotheke.de\/?s={search_term_string}"},"query-input":{"@type":"PropertyValueSpecification","valueRequired":true,"valueName":"search_term_string"}}],"inLanguage":"de"},{"@type":"Organization","@id":"https:\/\/www.gaswerk-apotheke.de\/#organization","name":"Apotheke am Gaswerk","url":"https:\/\/www.gaswerk-apotheke.de\/","logo":{"@type":"ImageObject","inLanguage":"de","@id":"https:\/\/www.gaswerk-apotheke.de\/#\/schema\/logo\/image\/","url":"https:\/\/www.gaswerk-apotheke.de\/wp-content\/uploads\/2026\/04\/logo_apotheke_am_gaswerk.png","contentUrl":"https:\/\/www.gaswerk-apotheke.de\/wp-content\/uploads\/2026\/04\/logo_apotheke_am_gaswerk.png","width":427,"height":150,"caption":"Apotheke am Gaswerk"},"image":{"@id":"https:\/\/www.gaswerk-apotheke.de\/#\/schema\/logo\/image\/"}}]}},"_links":{"self":[{"href":"https:\/\/www.gaswerk-apotheke.de\/index.php?rest_route=\/wp\/v2\/pages\/25","targetHints":{"allow":["GET"]}}],"collection":[{"href":"https:\/\/www.gaswerk-apotheke.de\/index.php?rest_route=\/wp\/v2\/pages"}],"about":[{"href":"https:\/\/www.gaswerk-apotheke.de\/index.php?rest_route=\/wp\/v2\/types\/page"}],"author":[{"embeddable":true,"href":"https:\/\/www.gaswerk-apotheke.de\/index.php?rest_route=\/wp\/v2\/users\/1"}],"replies":[{"embeddable":true,"href":"https:\/\/www.gaswerk-apotheke.de\/index.php?rest_route=%2Fwp%2Fv2%2Fcomments&post=25"}],"version-history":[{"count":12,"href":"https:\/\/www.gaswerk-apotheke.de\/index.php?rest_route=\/wp\/v2\/pages\/25\/revisions"}],"predecessor-version":[{"id":452,"href":"https:\/\/www.gaswerk-apotheke.de\/index.php?rest_route=\/wp\/v2\/pages\/25\/revisions\/452"}],"wp:attachment":[{"href":"https:\/\/www.gaswerk-apotheke.de\/index.php?rest_route=%2Fwp%2Fv2%2Fmedia&parent=25"}],"curies":[{"name":"wp","href":"https:\/\/api.w.org\/{rel}","templated":true}]}}